{"id":800,"date":"2022-07-25T09:57:20","date_gmt":"2022-07-25T09:57:20","guid":{"rendered":"https:\/\/xxis.com.vn\/?post_type=product&#038;p=800"},"modified":"2022-10-29T05:10:10","modified_gmt":"2022-10-29T05:10:10","slug":"dau-goi-giam-gay-rung-toc-xxis-alpha-200g","status":"publish","type":"product","link":"https:\/\/xxis.com.vn\/index.php\/san-pham\/dau-goi-giam-gay-rung-toc-xxis-alpha-200g\/","title":{"rendered":"D\u1ea6U G\u1ed8I GI\u1ea2M G\u00c3Y R\u1ee4NG T\u00d3C XXIS ALPHA &#8211; 200G"},"content":{"rendered":"<p>D\u1ea7u g\u1ed9i nam gi\u1ea3m g\u00e3y r\u1ee5ng t\u00f3c Xxis Alpha.<br \/>\nH\u1ee3p ch\u1ea5t Panthenol v\u00e0 Multi Vitamin B gi\u00fap nu\u00f4i d\u01b0\u1ee1ng t\u00f3c t\u1eeb g\u1ed1c \u0111\u1ebfn ng\u1ecdn.<br \/>\nM\u00f9i h\u01b0\u01a1ng nam t\u00ednh m\u1ea1nh m\u1ebd.<\/p>\n","protected":false},"excerpt":{"rendered":"<p><span style=\"font-weight: 400;\">B\u1ed5 sung ho\u1ea1t ch\u1ea5t Tricholastyl gi\u1ea3m g\u00e3y r\u1ee5ng hi\u1ec7u qu\u1ea3, h\u1ed7 tr\u1ee3 c\u00e2n b\u1eb1ng chu k\u1ef3 sinh tr\u01b0\u1edfng c\u1ee7a s\u1ee3i t\u00f3c v\u00e0 nu\u00f4i d\u01b0\u1ee1ng t\u00f3c ch\u1eafc kh\u1ecfe t\u1eeb g\u1ed1c \u0111\u1ebfn ng\u1ecdn. \u0110\u01b0\u1ee3c t\u0103ng c\u01b0\u1eddng d\u01b0\u1ee1ng ch\u1ea5t Panthenol, D\u1ea7u G\u1ed9i Cao C\u1ea5p XXIS ALPHA d\u01b0\u1ee1ng \u1ea9m t\u00f3c s\u1ea1ch kh\u1ecfe, b\u00f3ng m\u01b0\u1ee3t, ho\u00e0 quy\u1ec7n trong h\u01b0\u01a1ng th\u01a1m tinh t\u1ebf h\u1ea5p d\u1eabn nam t\u00ednh.<\/span><\/p>\n<p><span style=\"font-weight: 400;\">C\u1ea5u tr\u00fac h\u01b0\u01a1ng n\u01b0\u1edbc hoa Brut kinh \u0111i\u1ec3n t\u01b0\u0300 XXIS ALPHA ca\u0300ng la\u0300m n\u00f4\u0309i b\u00e2\u0323t s\u01b0\u0301c hu\u0301t cu\u0309a nh\u01b0\u0303ng cha\u0300ng trai m\u1ea1nh m\u1ebd, y\u00eau thi\u0301ch kha\u0301m pha\u0301 va\u0300 kh\u00f4ng khu\u1ea5t ph\u1ee5c.\u00a0<\/span><\/p>\n","protected":false},"featured_media":794,"comment_status":"open","ping_status":"closed","template":"","meta":{"_mi_skip_tracking":false,"site-sidebar-layout":"default","site-content-layout":"default","ast-global-header-display":"","ast-main-header-display":"","ast-hfb-above-header-display":"","ast-hfb-below-header-display":"","ast-hfb-mobile-header-display":"","site-post-title":"","ast-breadcrumbs-content":"","ast-featured-img":"","footer-sml-layout":"","theme-transparent-header-meta":"default","adv-header-id-meta":"","stick-header-meta":"","header-above-stick-meta":"","header-main-stick-meta":"","header-below-stick-meta":""},"product_cat":[24],"product_tag":[34,42,35],"class_list":["post-800","product","type-product","status-publish","has-post-thumbnail","hentry","product_cat-dau-goi","product_tag-dau-goi","product_tag-dau-goi-giam-gay-rung-toc","product_tag-dau-goi-nam"],"yoast_head":"<!-- This site is optimized with the Yoast SEO plugin v19.3 - https:\/\/yoast.com\/wordpress\/plugins\/seo\/ -->\n<title>D\u1ea6U G\u1ed8I GI\u1ea2M G\u00c3Y R\u1ee4NG T\u00d3C XXIS ALPHA - 200G - Xxis<\/title>\n<meta name=\"description\" content=\"D\u1ea7u g\u1ed9i nam gi\u1ea3m g\u00e3y rung t\u00f3c. Ch\u1ee9a h\u1ee3p ch\u1ea5t Panthenol v\u00e0 Multi Vitamin B gi\u00fap nu\u00f4i d\u01b0\u1ee1ng t\u00f3c ch\u1eafc kh\u1ecfe. H\u01b0\u01a1ng n\u01b0\u1edbc hoa nam t\u00ednh m\u1ea1nh m\u1ebd.\" \/>\n<meta name=\"robots\" content=\"index, follow, max-snippet:-1, max-image-preview:large, max-video-preview:-1\" \/>\n<link rel=\"canonical\" href=\"https:\/\/xxis.com.vn\/index.php\/san-pham\/dau-goi-giam-gay-rung-toc-xxis-alpha-200g\/\" \/>\n<meta property=\"og:locale\" content=\"vi_VN\" \/>\n<meta property=\"og:type\" content=\"article\" \/>\n<meta property=\"og:title\" content=\"D\u1ea6U G\u1ed8I GI\u1ea2M G\u00c3Y R\u1ee4NG T\u00d3C XXIS ALPHA - 200G - Xxis\" \/>\n<meta property=\"og:description\" content=\"D\u1ea7u g\u1ed9i nam gi\u1ea3m g\u00e3y rung t\u00f3c. Ch\u1ee9a h\u1ee3p ch\u1ea5t Panthenol v\u00e0 Multi Vitamin B gi\u00fap nu\u00f4i d\u01b0\u1ee1ng t\u00f3c ch\u1eafc kh\u1ecfe. H\u01b0\u01a1ng n\u01b0\u1edbc hoa nam t\u00ednh m\u1ea1nh m\u1ebd.\" \/>\n<meta property=\"og:url\" content=\"https:\/\/xxis.com.vn\/index.php\/san-pham\/dau-goi-giam-gay-rung-toc-xxis-alpha-200g\/\" \/>\n<meta property=\"og:site_name\" content=\"Xxis\" \/>\n<meta property=\"article:modified_time\" content=\"2022-10-29T05:10:10+00:00\" \/>\n<meta property=\"og:image\" content=\"https:\/\/xxis.com.vn\/wp-content\/uploads\/2022\/07\/alpha-goi-nho-01-1.png\" \/>\n\t<meta property=\"og:image:width\" content=\"2084\" \/>\n\t<meta property=\"og:image:height\" content=\"2084\" \/>\n\t<meta property=\"og:image:type\" content=\"image\/png\" \/>\n<meta name=\"twitter:card\" content=\"summary_large_image\" \/>\n<meta name=\"twitter:label1\" content=\"\u01af\u1edbc t\u00ednh th\u1eddi gian \u0111\u1ecdc\" \/>\n\t<meta name=\"twitter:data1\" content=\"1 ph\u00fat\" \/>\n<script type=\"application\/ld+json\" class=\"yoast-schema-graph\">{\"@context\":\"https:\/\/schema.org\",\"@graph\":[{\"@type\":\"Organization\",\"@id\":\"https:\/\/xxis.com.vn\/#organization\",\"name\":\"Xxis\",\"url\":\"https:\/\/xxis.com.vn\/\",\"sameAs\":[],\"logo\":{\"@type\":\"ImageObject\",\"inLanguage\":\"vi\",\"@id\":\"https:\/\/xxis.com.vn\/#\/schema\/logo\/image\/\",\"url\":\"https:\/\/xxis.com.vn\/wp-content\/uploads\/2022\/08\/1-01.png\",\"contentUrl\":\"https:\/\/xxis.com.vn\/wp-content\/uploads\/2022\/08\/1-01.png\",\"width\":1125,\"height\":375,\"caption\":\"Xxis\"},\"image\":{\"@id\":\"https:\/\/xxis.com.vn\/#\/schema\/logo\/image\/\"}},{\"@type\":\"WebSite\",\"@id\":\"https:\/\/xxis.com.vn\/#website\",\"url\":\"https:\/\/xxis.com.vn\/\",\"name\":\"Xxis\",\"description\":\"\",\"publisher\":{\"@id\":\"https:\/\/xxis.com.vn\/#organization\"},\"potentialAction\":[{\"@type\":\"SearchAction\",\"target\":{\"@type\":\"EntryPoint\",\"urlTemplate\":\"https:\/\/xxis.com.vn\/?s={search_term_string}\"},\"query-input\":\"required name=search_term_string\"}],\"inLanguage\":\"vi\"},{\"@type\":\"ImageObject\",\"inLanguage\":\"vi\",\"@id\":\"https:\/\/xxis.com.vn\/index.php\/san-pham\/dau-goi-giam-gay-rung-toc-xxis-alpha-200g\/#primaryimage\",\"url\":\"https:\/\/xxis.com.vn\/wp-content\/uploads\/2022\/07\/alpha-goi-nho-01-1.png\",\"contentUrl\":\"https:\/\/xxis.com.vn\/wp-content\/uploads\/2022\/07\/alpha-goi-nho-01-1.png\",\"width\":2084,\"height\":2084},{\"@type\":\"WebPage\",\"@id\":\"https:\/\/xxis.com.vn\/index.php\/san-pham\/dau-goi-giam-gay-rung-toc-xxis-alpha-200g\/\",\"url\":\"https:\/\/xxis.com.vn\/index.php\/san-pham\/dau-goi-giam-gay-rung-toc-xxis-alpha-200g\/\",\"name\":\"D\u1ea6U G\u1ed8I GI\u1ea2M G\u00c3Y R\u1ee4NG T\u00d3C XXIS ALPHA - 200G - Xxis\",\"isPartOf\":{\"@id\":\"https:\/\/xxis.com.vn\/#website\"},\"primaryImageOfPage\":{\"@id\":\"https:\/\/xxis.com.vn\/index.php\/san-pham\/dau-goi-giam-gay-rung-toc-xxis-alpha-200g\/#primaryimage\"},\"datePublished\":\"2022-07-25T09:57:20+00:00\",\"dateModified\":\"2022-10-29T05:10:10+00:00\",\"description\":\"D\u1ea7u g\u1ed9i nam gi\u1ea3m g\u00e3y rung t\u00f3c. Ch\u1ee9a h\u1ee3p ch\u1ea5t Panthenol v\u00e0 Multi Vitamin B gi\u00fap nu\u00f4i d\u01b0\u1ee1ng t\u00f3c ch\u1eafc kh\u1ecfe. H\u01b0\u01a1ng n\u01b0\u1edbc hoa nam t\u00ednh m\u1ea1nh m\u1ebd.\",\"breadcrumb\":{\"@id\":\"https:\/\/xxis.com.vn\/index.php\/san-pham\/dau-goi-giam-gay-rung-toc-xxis-alpha-200g\/#breadcrumb\"},\"inLanguage\":\"vi\",\"potentialAction\":[{\"@type\":\"ReadAction\",\"target\":[\"https:\/\/xxis.com.vn\/index.php\/san-pham\/dau-goi-giam-gay-rung-toc-xxis-alpha-200g\/\"]}]},{\"@type\":\"BreadcrumbList\",\"@id\":\"https:\/\/xxis.com.vn\/index.php\/san-pham\/dau-goi-giam-gay-rung-toc-xxis-alpha-200g\/#breadcrumb\",\"itemListElement\":[{\"@type\":\"ListItem\",\"position\":1,\"name\":\"Trang ch\u1ee7\",\"item\":\"https:\/\/xxis.com.vn\/\"},{\"@type\":\"ListItem\",\"position\":2,\"name\":\"S\u1ea3n ph\u1ea9m\",\"item\":\"https:\/\/xxis.com.vn\/index.php\/cua-hang__trashed\/\"},{\"@type\":\"ListItem\",\"position\":3,\"name\":\"D\u1ea6U G\u1ed8I GI\u1ea2M G\u00c3Y R\u1ee4NG T\u00d3C XXIS ALPHA &#8211; 200G\"}]}]}<\/script>\n<!-- \/ Yoast SEO plugin. -->","yoast_head_json":{"title":"D\u1ea6U G\u1ed8I GI\u1ea2M G\u00c3Y R\u1ee4NG T\u00d3C XXIS ALPHA - 200G - Xxis","description":"D\u1ea7u g\u1ed9i nam gi\u1ea3m g\u00e3y rung t\u00f3c. Ch\u1ee9a h\u1ee3p ch\u1ea5t Panthenol v\u00e0 Multi Vitamin B gi\u00fap nu\u00f4i d\u01b0\u1ee1ng t\u00f3c ch\u1eafc kh\u1ecfe. H\u01b0\u01a1ng n\u01b0\u1edbc hoa nam t\u00ednh m\u1ea1nh m\u1ebd.","robots":{"index":"index","follow":"follow","max-snippet":"max-snippet:-1","max-image-preview":"max-image-preview:large","max-video-preview":"max-video-preview:-1"},"canonical":"https:\/\/xxis.com.vn\/index.php\/san-pham\/dau-goi-giam-gay-rung-toc-xxis-alpha-200g\/","og_locale":"vi_VN","og_type":"article","og_title":"D\u1ea6U G\u1ed8I GI\u1ea2M G\u00c3Y R\u1ee4NG T\u00d3C XXIS ALPHA - 200G - Xxis","og_description":"D\u1ea7u g\u1ed9i nam gi\u1ea3m g\u00e3y rung t\u00f3c. Ch\u1ee9a h\u1ee3p ch\u1ea5t Panthenol v\u00e0 Multi Vitamin B gi\u00fap nu\u00f4i d\u01b0\u1ee1ng t\u00f3c ch\u1eafc kh\u1ecfe. H\u01b0\u01a1ng n\u01b0\u1edbc hoa nam t\u00ednh m\u1ea1nh m\u1ebd.","og_url":"https:\/\/xxis.com.vn\/index.php\/san-pham\/dau-goi-giam-gay-rung-toc-xxis-alpha-200g\/","og_site_name":"Xxis","article_modified_time":"2022-10-29T05:10:10+00:00","og_image":[{"width":2084,"height":2084,"url":"https:\/\/xxis.com.vn\/wp-content\/uploads\/2022\/07\/alpha-goi-nho-01-1.png","type":"image\/png"}],"twitter_card":"summary_large_image","twitter_misc":{"\u01af\u1edbc t\u00ednh th\u1eddi gian \u0111\u1ecdc":"1 ph\u00fat"},"schema":{"@context":"https:\/\/schema.org","@graph":[{"@type":"Organization","@id":"https:\/\/xxis.com.vn\/#organization","name":"Xxis","url":"https:\/\/xxis.com.vn\/","sameAs":[],"logo":{"@type":"ImageObject","inLanguage":"vi","@id":"https:\/\/xxis.com.vn\/#\/schema\/logo\/image\/","url":"https:\/\/xxis.com.vn\/wp-content\/uploads\/2022\/08\/1-01.png","contentUrl":"https:\/\/xxis.com.vn\/wp-content\/uploads\/2022\/08\/1-01.png","width":1125,"height":375,"caption":"Xxis"},"image":{"@id":"https:\/\/xxis.com.vn\/#\/schema\/logo\/image\/"}},{"@type":"WebSite","@id":"https:\/\/xxis.com.vn\/#website","url":"https:\/\/xxis.com.vn\/","name":"Xxis","description":"","publisher":{"@id":"https:\/\/xxis.com.vn\/#organization"},"potentialAction":[{"@type":"SearchAction","target":{"@type":"EntryPoint","urlTemplate":"https:\/\/xxis.com.vn\/?s={search_term_string}"},"query-input":"required name=search_term_string"}],"inLanguage":"vi"},{"@type":"ImageObject","inLanguage":"vi","@id":"https:\/\/xxis.com.vn\/index.php\/san-pham\/dau-goi-giam-gay-rung-toc-xxis-alpha-200g\/#primaryimage","url":"https:\/\/xxis.com.vn\/wp-content\/uploads\/2022\/07\/alpha-goi-nho-01-1.png","contentUrl":"https:\/\/xxis.com.vn\/wp-content\/uploads\/2022\/07\/alpha-goi-nho-01-1.png","width":2084,"height":2084},{"@type":"WebPage","@id":"https:\/\/xxis.com.vn\/index.php\/san-pham\/dau-goi-giam-gay-rung-toc-xxis-alpha-200g\/","url":"https:\/\/xxis.com.vn\/index.php\/san-pham\/dau-goi-giam-gay-rung-toc-xxis-alpha-200g\/","name":"D\u1ea6U G\u1ed8I GI\u1ea2M G\u00c3Y R\u1ee4NG T\u00d3C XXIS ALPHA - 200G - Xxis","isPartOf":{"@id":"https:\/\/xxis.com.vn\/#website"},"primaryImageOfPage":{"@id":"https:\/\/xxis.com.vn\/index.php\/san-pham\/dau-goi-giam-gay-rung-toc-xxis-alpha-200g\/#primaryimage"},"datePublished":"2022-07-25T09:57:20+00:00","dateModified":"2022-10-29T05:10:10+00:00","description":"D\u1ea7u g\u1ed9i nam gi\u1ea3m g\u00e3y rung t\u00f3c. Ch\u1ee9a h\u1ee3p ch\u1ea5t Panthenol v\u00e0 Multi Vitamin B gi\u00fap nu\u00f4i d\u01b0\u1ee1ng t\u00f3c ch\u1eafc kh\u1ecfe. H\u01b0\u01a1ng n\u01b0\u1edbc hoa nam t\u00ednh m\u1ea1nh m\u1ebd.","breadcrumb":{"@id":"https:\/\/xxis.com.vn\/index.php\/san-pham\/dau-goi-giam-gay-rung-toc-xxis-alpha-200g\/#breadcrumb"},"inLanguage":"vi","potentialAction":[{"@type":"ReadAction","target":["https:\/\/xxis.com.vn\/index.php\/san-pham\/dau-goi-giam-gay-rung-toc-xxis-alpha-200g\/"]}]},{"@type":"BreadcrumbList","@id":"https:\/\/xxis.com.vn\/index.php\/san-pham\/dau-goi-giam-gay-rung-toc-xxis-alpha-200g\/#breadcrumb","itemListElement":[{"@type":"ListItem","position":1,"name":"Trang ch\u1ee7","item":"https:\/\/xxis.com.vn\/"},{"@type":"ListItem","position":2,"name":"S\u1ea3n ph\u1ea9m","item":"https:\/\/xxis.com.vn\/index.php\/cua-hang__trashed\/"},{"@type":"ListItem","position":3,"name":"D\u1ea6U G\u1ed8I GI\u1ea2M G\u00c3Y R\u1ee4NG T\u00d3C XXIS ALPHA &#8211; 200G"}]}]}},"_links":{"self":[{"href":"https:\/\/xxis.com.vn\/index.php\/wp-json\/wp\/v2\/product\/800","targetHints":{"allow":["GET"]}}],"collection":[{"href":"https:\/\/xxis.com.vn\/index.php\/wp-json\/wp\/v2\/product"}],"about":[{"href":"https:\/\/xxis.com.vn\/index.php\/wp-json\/wp\/v2\/types\/product"}],"replies":[{"embeddable":true,"href":"https:\/\/xxis.com.vn\/index.php\/wp-json\/wp\/v2\/comments?post=800"}],"wp:featuredmedia":[{"embeddable":true,"href":"https:\/\/xxis.com.vn\/index.php\/wp-json\/wp\/v2\/media\/794"}],"wp:attachment":[{"href":"https:\/\/xxis.com.vn\/index.php\/wp-json\/wp\/v2\/media?parent=800"}],"wp:term":[{"taxonomy":"product_cat","embeddable":true,"href":"https:\/\/xxis.com.vn\/index.php\/wp-json\/wp\/v2\/product_cat?post=800"},{"taxonomy":"product_tag","embeddable":true,"href":"https:\/\/xxis.com.vn\/index.php\/wp-json\/wp\/v2\/product_tag?post=800"}],"curies":[{"name":"wp","href":"https:\/\/api.w.org\/{rel}","templated":true}]}}