{"id":49,"date":"2022-07-13T10:23:24","date_gmt":"2022-07-13T10:23:24","guid":{"rendered":"https:\/\/xxis.com.vn\/?page_id=49"},"modified":"2022-07-20T11:43:28","modified_gmt":"2022-07-20T11:43:28","slug":"xxis-style","status":"publish","type":"page","link":"https:\/\/xxis.com.vn\/index.php\/xxis-style\/","title":{"rendered":"XXIS STYLE"},"content":{"rendered":"\t\t<div data-elementor-type=\"wp-page\" data-elementor-id=\"49\" class=\"elementor elementor-49\">\n\t\t\t\t\t\t\t\t\t<section class=\"elementor-section elementor-top-section elementor-element elementor-element-740dc39 elementor-section-full_width elementor-section-height-default elementor-section-height-default\" data-id=\"740dc39\" data-element_type=\"section\">\n\t\t\t\t\t\t<div class=\"elementor-container elementor-column-gap-default\">\n\t\t\t\t\t<div class=\"elementor-column elementor-col-100 elementor-top-column elementor-element elementor-element-7ac2186\" data-id=\"7ac2186\" data-element_type=\"column\">\n\t\t\t<div class=\"elementor-widget-wrap elementor-element-populated\">\n\t\t\t\t\t\t\t\t<div class=\"elementor-element elementor-element-14d8117 elementor-widget elementor-widget-spacer\" data-id=\"14d8117\" data-element_type=\"widget\" data-widget_type=\"spacer.default\">\n\t\t\t\t<div class=\"elementor-widget-container\">\n\t\t\t<style>\/*! elementor - v3.6.7 - 03-07-2022 *\/\n.e-container.e-container--row .elementor-spacer-inner{width:var(--spacer-size)}.e-container.e-container--column .elementor-spacer-inner,.elementor-column .elementor-spacer-inner{height:var(--spacer-size)}<\/style>\t\t<div class=\"elementor-spacer\">\n\t\t\t<div class=\"elementor-spacer-inner\"><\/div>\n\t\t<\/div>\n\t\t\t\t<\/div>\n\t\t\t\t<\/div>\n\t\t\t\t<div class=\"elementor-element elementor-element-c7ae5ba elementor-widget elementor-widget-image\" data-id=\"c7ae5ba\" data-element_type=\"widget\" data-widget_type=\"image.default\">\n\t\t\t\t<div class=\"elementor-widget-container\">\n\t\t\t<style>\/*! elementor - v3.6.7 - 03-07-2022 *\/\n.elementor-widget-image{text-align:center}.elementor-widget-image a{display:inline-block}.elementor-widget-image a img[src$=\".svg\"]{width:48px}.elementor-widget-image img{vertical-align:middle;display:inline-block}<\/style>\t\t\t\t\t\t\t\t\t\t\t\t<img loading=\"lazy\" decoding=\"async\" width=\"768\" height=\"424\" src=\"https:\/\/xxis.com.vn\/wp-content\/uploads\/2022\/07\/andriyko-podilnyk-1Si4AnANdsk-unsplashcut-768x424.jpg\" class=\"attachment-medium_large size-medium_large\" alt=\"\" srcset=\"https:\/\/xxis.com.vn\/wp-content\/uploads\/2022\/07\/andriyko-podilnyk-1Si4AnANdsk-unsplashcut-768x424.jpg 768w, https:\/\/xxis.com.vn\/wp-content\/uploads\/2022\/07\/andriyko-podilnyk-1Si4AnANdsk-unsplashcut-scaled-1024x565.jpg 1024w, https:\/\/xxis.com.vn\/wp-content\/uploads\/2022\/07\/andriyko-podilnyk-1Si4AnANdsk-unsplashcut-300x166.jpg 300w, https:\/\/xxis.com.vn\/wp-content\/uploads\/2022\/07\/andriyko-podilnyk-1Si4AnANdsk-unsplashcut-1536x848.jpg 1536w, https:\/\/xxis.com.vn\/wp-content\/uploads\/2022\/07\/andriyko-podilnyk-1Si4AnANdsk-unsplashcut-2048x1131.jpg 2048w\" sizes=\"auto, (max-width: 768px) 100vw, 768px\" \/>\t\t\t\t\t\t\t\t\t\t\t\t\t\t\t<\/div>\n\t\t\t\t<\/div>\n\t\t\t\t\t<\/div>\n\t\t<\/div>\n\t\t\t\t\t\t\t<\/div>\n\t\t<\/section>\n\t\t\t\t<section class=\"elementor-section elementor-top-section elementor-element elementor-element-8b8f6c4 elementor-section-boxed elementor-section-height-default elementor-section-height-default\" data-id=\"8b8f6c4\" data-element_type=\"section\">\n\t\t\t\t\t\t<div class=\"elementor-container elementor-column-gap-default\">\n\t\t\t\t\t<div class=\"elementor-column elementor-col-100 elementor-top-column elementor-element elementor-element-08e503c\" data-id=\"08e503c\" data-element_type=\"column\">\n\t\t\t<div class=\"elementor-widget-wrap elementor-element-populated\">\n\t\t\t\t\t\t\t\t<div class=\"elementor-element elementor-element-b678743 elementor-widget elementor-widget-spacer\" data-id=\"b678743\" data-element_type=\"widget\" data-widget_type=\"spacer.default\">\n\t\t\t\t<div class=\"elementor-widget-container\">\n\t\t\t\t\t<div class=\"elementor-spacer\">\n\t\t\t<div class=\"elementor-spacer-inner\"><\/div>\n\t\t<\/div>\n\t\t\t\t<\/div>\n\t\t\t\t<\/div>\n\t\t\t\t<div class=\"elementor-element elementor-element-8903808 animated-slow elementor-invisible elementor-widget elementor-widget-heading\" data-id=\"8903808\" data-element_type=\"widget\" data-settings=\"{&quot;_animation&quot;:&quot;slideInLeft&quot;}\" data-widget_type=\"heading.default\">\n\t\t\t\t<div class=\"elementor-widget-container\">\n\t\t\t<style>\/*! elementor - v3.6.7 - 03-07-2022 *\/\n.elementor-heading-title{padding:0;margin:0;line-height:1}.elementor-widget-heading .elementor-heading-title[class*=elementor-size-]>a{color:inherit;font-size:inherit;line-height:inherit}.elementor-widget-heading .elementor-heading-title.elementor-size-small{font-size:15px}.elementor-widget-heading .elementor-heading-title.elementor-size-medium{font-size:19px}.elementor-widget-heading .elementor-heading-title.elementor-size-large{font-size:29px}.elementor-widget-heading .elementor-heading-title.elementor-size-xl{font-size:39px}.elementor-widget-heading .elementor-heading-title.elementor-size-xxl{font-size:59px}<\/style><h2 class=\"elementor-heading-title elementor-size-default\">B\u00c0I VI\u1ebeT M\u1edaI NH\u1ea4T<\/h2>\t\t<\/div>\n\t\t\t\t<\/div>\n\t\t\t\t<div class=\"elementor-element elementor-element-4d4d957 elementor-grid-eael-col-3 elementor-grid-tablet-eael-col-2 elementor-grid-mobile-eael-col-1 elementor-invisible elementor-widget elementor-widget-eael-post-grid\" data-id=\"4d4d957\" data-element_type=\"widget\" data-settings=\"{&quot;eael_post_grid_columns&quot;:&quot;eael-col-3&quot;,&quot;_animation&quot;:&quot;fadeInUp&quot;,&quot;eael_post_grid_columns_tablet&quot;:&quot;eael-col-2&quot;,&quot;eael_post_grid_columns_mobile&quot;:&quot;eael-col-1&quot;}\" data-widget_type=\"eael-post-grid.default\">\n\t\t\t\t<div class=\"elementor-widget-container\">\n\t\t\t<div id=\"eael-post-grid-4d4d957\" class=\"eael-post-grid-container\">\n            <div class=\"eael-post-grid eael-post-appender eael-post-appender-4d4d957 eael-post-grid-style-default\" data-layout-mode=\"grid\"><article class=\"eael-grid-post eael-post-grid-column\" data-id=\"667\">\n        <div class=\"eael-grid-post-holder\">\n            <div class=\"eael-grid-post-holder-inner\"><div class=\"eael-entry-media\"><div class=\"eael-entry-overlay zoom-in\"><i class=\"\" aria-hidden=\"true\"><\/i><a href=\"https:\/\/xxis.com.vn\/index.php\/2022\/07\/21\/tips-nho-de-luu-giu-mui-huong-tren-co-the-nam-gioi-2\/\"><\/a><\/div><div class=\"eael-entry-thumbnail \">\n                <img loading=\"lazy\" decoding=\"async\" width=\"1024\" height=\"684\" src=\"https:\/\/xxis.com.vn\/wp-content\/uploads\/2022\/07\/ben-rosett-WdJkXFQ4VHY-unsplash-scaled.jpg\" class=\"attachment-large size-large\" alt=\"\" srcset=\"https:\/\/xxis.com.vn\/wp-content\/uploads\/2022\/07\/ben-rosett-WdJkXFQ4VHY-unsplash-scaled.jpg 2560w, https:\/\/xxis.com.vn\/wp-content\/uploads\/2022\/07\/ben-rosett-WdJkXFQ4VHY-unsplash-scaled-1024x684.jpg 1024w\" sizes=\"auto, (max-width: 1024px) 100vw, 1024px\" \/>\n            <\/div>\n        <\/div><div class=\"eael-entry-wrapper\"><header class=\"eael-entry-header\"><h1 class=\"eael-entry-title\"><a\n                        class=\"eael-grid-post-link\"\n                        href=\"https:\/\/xxis.com.vn\/index.php\/2022\/07\/21\/tips-nho-de-luu-giu-mui-huong-tren-co-the-nam-gioi-2\/\"\n                        title=\"<strong>TIPS NH\u1ece \u0110\u1ec2 L\u01afU GI\u1eee M\u00d9I H\u01af\u01a0NG TR\u00caN C\u01a0 TH\u1ec2 NAM GI\u1edaI<\/strong>\"><strong>TIPS NH\u1ece \u0110\u1ec2 L\u01afU GI\u1eee M\u00d9I H\u01af\u01a0NG TR\u00caN C\u01a0 TH\u1ec2 NAM GI\u1edaI<\/strong><\/a><\/h1><\/header><div class=\"eael-entry-meta\"><\/div><div class=\"eael-entry-content\">\n                        <div class=\"eael-grid-post-excerpt\"><a\n                            href=\"https:\/\/xxis.com.vn\/index.php\/2022\/07\/21\/tips-nho-de-luu-giu-mui-huong-tren-co-the-nam-gioi-2\/\"\n                            class=\"eael-post-elements-readmore-btn\">Kh\u00e1m ph\u00e1 ngay<\/a><\/div>\n                    <\/div><\/div><\/div>\n        <\/div>\n    <\/article><article class=\"eael-grid-post eael-post-grid-column\" data-id=\"574\">\n        <div class=\"eael-grid-post-holder\">\n            <div class=\"eael-grid-post-holder-inner\"><div class=\"eael-entry-media\"><div class=\"eael-entry-overlay zoom-in\"><i class=\"\" aria-hidden=\"true\"><\/i><a href=\"https:\/\/xxis.com.vn\/index.php\/2022\/07\/20\/luu-ban-nhap-tu-dong\/\"><\/a><\/div><div class=\"eael-entry-thumbnail \">\n                <img loading=\"lazy\" decoding=\"async\" width=\"1024\" height=\"683\" src=\"https:\/\/xxis.com.vn\/wp-content\/uploads\/2022\/07\/clem-onojeghuo-tca2Hfz1cvY-unsplash-1024x683.jpg\" class=\"attachment-large size-large\" alt=\"\" srcset=\"https:\/\/xxis.com.vn\/wp-content\/uploads\/2022\/07\/clem-onojeghuo-tca2Hfz1cvY-unsplash-1024x683.jpg 1024w, https:\/\/xxis.com.vn\/wp-content\/uploads\/2022\/07\/clem-onojeghuo-tca2Hfz1cvY-unsplash-300x200.jpg 300w, https:\/\/xxis.com.vn\/wp-content\/uploads\/2022\/07\/clem-onojeghuo-tca2Hfz1cvY-unsplash-768x512.jpg 768w\" sizes=\"auto, (max-width: 1024px) 100vw, 1024px\" \/>\n            <\/div>\n        <\/div><div class=\"eael-entry-wrapper\"><header class=\"eael-entry-header\"><h1 class=\"eael-entry-title\"><a\n                        class=\"eael-grid-post-link\"\n                        href=\"https:\/\/xxis.com.vn\/index.php\/2022\/07\/20\/luu-ban-nhap-tu-dong\/\"\n                        title=\"BLUE DE CHANEL &#8211; B\u00cd M\u1eacT C\u1ee6A CH\u00c0NG TRAI MANG PHONG C\u00c1CH GAMMA\">BLUE DE CHANEL &#8211; B\u00cd M\u1eacT C\u1ee6A CH\u00c0NG TRAI MANG PHONG C\u00c1CH GAMMA<\/a><\/h1><\/header><div class=\"eael-entry-meta\"><\/div><div class=\"eael-entry-content\">\n                        <div class=\"eael-grid-post-excerpt\"><a\n                            href=\"https:\/\/xxis.com.vn\/index.php\/2022\/07\/20\/luu-ban-nhap-tu-dong\/\"\n                            class=\"eael-post-elements-readmore-btn\">Kh\u00e1m ph\u00e1 ngay<\/a><\/div>\n                    <\/div><\/div><\/div>\n        <\/div>\n    <\/article><\/div>\n            <div class=\"clearfix\"><\/div>\n        <\/div>\t\t<\/div>\n\t\t\t\t<\/div>\n\t\t\t\t\t<\/div>\n\t\t<\/div>\n\t\t\t\t\t\t\t<\/div>\n\t\t<\/section>\n\t\t\t\t\t\t\t<\/div>\n\t\t","protected":false},"excerpt":{"rendered":"<p>B\u00c0I VI\u1ebeT M\u1edaI NH\u1ea4T TIPS NH\u1ece \u0110\u1ec2 L\u01afU GI\u1eee M\u00d9I H\u01af\u01a0NG TR\u00caN C\u01a0 TH\u1ec2 NAM GI\u1edaI Kh\u00e1m ph\u00e1 ngay BLUE DE CHANEL &#8211; B\u00cd M\u1eacT C\u1ee6A CH\u00c0NG TRAI MANG PHONG C\u00c1CH GAMMA Kh\u00e1m ph\u00e1 ngay<\/p>\n","protected":false},"author":4,"featured_media":0,"parent":0,"menu_order":0,"comment_status":"closed","ping_status":"closed","template":"elementor_header_footer","meta":{"_mi_skip_tracking":false,"site-sidebar-layout":"no-sidebar","site-content-layout":"page-builder","ast-global-header-display":"","ast-main-header-display":"","ast-hfb-above-header-display":"","ast-hfb-below-header-display":"","ast-hfb-mobile-header-display":"","site-post-title":"disabled","ast-breadcrumbs-content":"","ast-featured-img":"disabled","footer-sml-layout":"","theme-transparent-header-meta":"","adv-header-id-meta":"","stick-header-meta":"","header-above-stick-meta":"","header-main-stick-meta":"","header-below-stick-meta":"","footnotes":""},"class_list":["post-49","page","type-page","status-publish","hentry"],"yoast_head":"<!-- This site is optimized with the Yoast SEO plugin v19.3 - https:\/\/yoast.com\/wordpress\/plugins\/seo\/ -->\n<title>XXIS STYLE - Xxis<\/title>\n<meta name=\"robots\" content=\"index, follow, max-snippet:-1, max-image-preview:large, max-video-preview:-1\" \/>\n<link rel=\"canonical\" href=\"https:\/\/xxis.com.vn\/index.php\/xxis-style\/\" \/>\n<meta property=\"og:locale\" content=\"vi_VN\" \/>\n<meta property=\"og:type\" content=\"article\" \/>\n<meta property=\"og:title\" content=\"XXIS STYLE - Xxis\" \/>\n<meta property=\"og:description\" content=\"B\u00c0I VI\u1ebeT M\u1edaI NH\u1ea4T TIPS NH\u1ece \u0110\u1ec2 L\u01afU GI\u1eee M\u00d9I H\u01af\u01a0NG TR\u00caN C\u01a0 TH\u1ec2 NAM GI\u1edaI Kh\u00e1m ph\u00e1 ngay BLUE DE CHANEL &#8211; B\u00cd M\u1eacT C\u1ee6A CH\u00c0NG TRAI MANG PHONG C\u00c1CH GAMMA Kh\u00e1m ph\u00e1 ngay\" \/>\n<meta property=\"og:url\" content=\"https:\/\/xxis.com.vn\/index.php\/xxis-style\/\" \/>\n<meta property=\"og:site_name\" content=\"Xxis\" \/>\n<meta property=\"article:modified_time\" content=\"2022-07-20T11:43:28+00:00\" \/>\n<meta property=\"og:image\" content=\"https:\/\/xxis.com.vn\/wp-content\/uploads\/2022\/07\/andriyko-podilnyk-1Si4AnANdsk-unsplashcut-768x424.jpg\" \/>\n<meta name=\"twitter:card\" content=\"summary_large_image\" \/>\n<meta name=\"twitter:label1\" content=\"\u01af\u1edbc t\u00ednh th\u1eddi gian \u0111\u1ecdc\" \/>\n\t<meta name=\"twitter:data1\" content=\"2 ph\u00fat\" \/>\n<script type=\"application\/ld+json\" class=\"yoast-schema-graph\">{\"@context\":\"https:\/\/schema.org\",\"@graph\":[{\"@type\":\"Organization\",\"@id\":\"https:\/\/xxis.com.vn\/#organization\",\"name\":\"Xxis\",\"url\":\"https:\/\/xxis.com.vn\/\",\"sameAs\":[],\"logo\":{\"@type\":\"ImageObject\",\"inLanguage\":\"vi\",\"@id\":\"https:\/\/xxis.com.vn\/#\/schema\/logo\/image\/\",\"url\":\"https:\/\/xxis.com.vn\/wp-content\/uploads\/2022\/08\/1-01.png\",\"contentUrl\":\"https:\/\/xxis.com.vn\/wp-content\/uploads\/2022\/08\/1-01.png\",\"width\":1125,\"height\":375,\"caption\":\"Xxis\"},\"image\":{\"@id\":\"https:\/\/xxis.com.vn\/#\/schema\/logo\/image\/\"}},{\"@type\":\"WebSite\",\"@id\":\"https:\/\/xxis.com.vn\/#website\",\"url\":\"https:\/\/xxis.com.vn\/\",\"name\":\"Xxis\",\"description\":\"\",\"publisher\":{\"@id\":\"https:\/\/xxis.com.vn\/#organization\"},\"potentialAction\":[{\"@type\":\"SearchAction\",\"target\":{\"@type\":\"EntryPoint\",\"urlTemplate\":\"https:\/\/xxis.com.vn\/?s={search_term_string}\"},\"query-input\":\"required name=search_term_string\"}],\"inLanguage\":\"vi\"},{\"@type\":\"ImageObject\",\"inLanguage\":\"vi\",\"@id\":\"https:\/\/xxis.com.vn\/index.php\/xxis-style\/#primaryimage\",\"url\":\"https:\/\/xxis.com.vn\/wp-content\/uploads\/2022\/07\/andriyko-podilnyk-1Si4AnANdsk-unsplashcut-scaled.jpg\",\"contentUrl\":\"https:\/\/xxis.com.vn\/wp-content\/uploads\/2022\/07\/andriyko-podilnyk-1Si4AnANdsk-unsplashcut-scaled.jpg\",\"width\":2560,\"height\":1413},{\"@type\":\"WebPage\",\"@id\":\"https:\/\/xxis.com.vn\/index.php\/xxis-style\/\",\"url\":\"https:\/\/xxis.com.vn\/index.php\/xxis-style\/\",\"name\":\"XXIS STYLE - Xxis\",\"isPartOf\":{\"@id\":\"https:\/\/xxis.com.vn\/#website\"},\"primaryImageOfPage\":{\"@id\":\"https:\/\/xxis.com.vn\/index.php\/xxis-style\/#primaryimage\"},\"datePublished\":\"2022-07-13T10:23:24+00:00\",\"dateModified\":\"2022-07-20T11:43:28+00:00\",\"breadcrumb\":{\"@id\":\"https:\/\/xxis.com.vn\/index.php\/xxis-style\/#breadcrumb\"},\"inLanguage\":\"vi\",\"potentialAction\":[{\"@type\":\"ReadAction\",\"target\":[\"https:\/\/xxis.com.vn\/index.php\/xxis-style\/\"]}]},{\"@type\":\"BreadcrumbList\",\"@id\":\"https:\/\/xxis.com.vn\/index.php\/xxis-style\/#breadcrumb\",\"itemListElement\":[{\"@type\":\"ListItem\",\"position\":1,\"name\":\"Trang ch\u1ee7\",\"item\":\"https:\/\/xxis.com.vn\/\"},{\"@type\":\"ListItem\",\"position\":2,\"name\":\"XXIS STYLE\"}]}]}<\/script>\n<!-- \/ Yoast SEO plugin. -->","yoast_head_json":{"title":"XXIS STYLE - Xxis","robots":{"index":"index","follow":"follow","max-snippet":"max-snippet:-1","max-image-preview":"max-image-preview:large","max-video-preview":"max-video-preview:-1"},"canonical":"https:\/\/xxis.com.vn\/index.php\/xxis-style\/","og_locale":"vi_VN","og_type":"article","og_title":"XXIS STYLE - Xxis","og_description":"B\u00c0I VI\u1ebeT M\u1edaI NH\u1ea4T TIPS NH\u1ece \u0110\u1ec2 L\u01afU GI\u1eee M\u00d9I H\u01af\u01a0NG TR\u00caN C\u01a0 TH\u1ec2 NAM GI\u1edaI Kh\u00e1m ph\u00e1 ngay BLUE DE CHANEL &#8211; B\u00cd M\u1eacT C\u1ee6A CH\u00c0NG TRAI MANG PHONG C\u00c1CH GAMMA Kh\u00e1m ph\u00e1 ngay","og_url":"https:\/\/xxis.com.vn\/index.php\/xxis-style\/","og_site_name":"Xxis","article_modified_time":"2022-07-20T11:43:28+00:00","og_image":[{"url":"https:\/\/xxis.com.vn\/wp-content\/uploads\/2022\/07\/andriyko-podilnyk-1Si4AnANdsk-unsplashcut-768x424.jpg"}],"twitter_card":"summary_large_image","twitter_misc":{"\u01af\u1edbc t\u00ednh th\u1eddi gian \u0111\u1ecdc":"2 ph\u00fat"},"schema":{"@context":"https:\/\/schema.org","@graph":[{"@type":"Organization","@id":"https:\/\/xxis.com.vn\/#organization","name":"Xxis","url":"https:\/\/xxis.com.vn\/","sameAs":[],"logo":{"@type":"ImageObject","inLanguage":"vi","@id":"https:\/\/xxis.com.vn\/#\/schema\/logo\/image\/","url":"https:\/\/xxis.com.vn\/wp-content\/uploads\/2022\/08\/1-01.png","contentUrl":"https:\/\/xxis.com.vn\/wp-content\/uploads\/2022\/08\/1-01.png","width":1125,"height":375,"caption":"Xxis"},"image":{"@id":"https:\/\/xxis.com.vn\/#\/schema\/logo\/image\/"}},{"@type":"WebSite","@id":"https:\/\/xxis.com.vn\/#website","url":"https:\/\/xxis.com.vn\/","name":"Xxis","description":"","publisher":{"@id":"https:\/\/xxis.com.vn\/#organization"},"potentialAction":[{"@type":"SearchAction","target":{"@type":"EntryPoint","urlTemplate":"https:\/\/xxis.com.vn\/?s={search_term_string}"},"query-input":"required name=search_term_string"}],"inLanguage":"vi"},{"@type":"ImageObject","inLanguage":"vi","@id":"https:\/\/xxis.com.vn\/index.php\/xxis-style\/#primaryimage","url":"https:\/\/xxis.com.vn\/wp-content\/uploads\/2022\/07\/andriyko-podilnyk-1Si4AnANdsk-unsplashcut-scaled.jpg","contentUrl":"https:\/\/xxis.com.vn\/wp-content\/uploads\/2022\/07\/andriyko-podilnyk-1Si4AnANdsk-unsplashcut-scaled.jpg","width":2560,"height":1413},{"@type":"WebPage","@id":"https:\/\/xxis.com.vn\/index.php\/xxis-style\/","url":"https:\/\/xxis.com.vn\/index.php\/xxis-style\/","name":"XXIS STYLE - Xxis","isPartOf":{"@id":"https:\/\/xxis.com.vn\/#website"},"primaryImageOfPage":{"@id":"https:\/\/xxis.com.vn\/index.php\/xxis-style\/#primaryimage"},"datePublished":"2022-07-13T10:23:24+00:00","dateModified":"2022-07-20T11:43:28+00:00","breadcrumb":{"@id":"https:\/\/xxis.com.vn\/index.php\/xxis-style\/#breadcrumb"},"inLanguage":"vi","potentialAction":[{"@type":"ReadAction","target":["https:\/\/xxis.com.vn\/index.php\/xxis-style\/"]}]},{"@type":"BreadcrumbList","@id":"https:\/\/xxis.com.vn\/index.php\/xxis-style\/#breadcrumb","itemListElement":[{"@type":"ListItem","position":1,"name":"Trang ch\u1ee7","item":"https:\/\/xxis.com.vn\/"},{"@type":"ListItem","position":2,"name":"XXIS STYLE"}]}]}},"_links":{"self":[{"href":"https:\/\/xxis.com.vn\/index.php\/wp-json\/wp\/v2\/pages\/49","targetHints":{"allow":["GET"]}}],"collection":[{"href":"https:\/\/xxis.com.vn\/index.php\/wp-json\/wp\/v2\/pages"}],"about":[{"href":"https:\/\/xxis.com.vn\/index.php\/wp-json\/wp\/v2\/types\/page"}],"author":[{"embeddable":true,"href":"https:\/\/xxis.com.vn\/index.php\/wp-json\/wp\/v2\/users\/4"}],"replies":[{"embeddable":true,"href":"https:\/\/xxis.com.vn\/index.php\/wp-json\/wp\/v2\/comments?post=49"}],"version-history":[{"count":32,"href":"https:\/\/xxis.com.vn\/index.php\/wp-json\/wp\/v2\/pages\/49\/revisions"}],"predecessor-version":[{"id":1098,"href":"https:\/\/xxis.com.vn\/index.php\/wp-json\/wp\/v2\/pages\/49\/revisions\/1098"}],"wp:attachment":[{"href":"https:\/\/xxis.com.vn\/index.php\/wp-json\/wp\/v2\/media?parent=49"}],"curies":[{"name":"wp","href":"https:\/\/api.w.org\/{rel}","templated":true}]}}